{"id":122,"date":"2022-07-26T09:56:00","date_gmt":"2022-07-26T12:56:00","guid":{"rendered":"http:\/\/suprafm.com.br\/index.php\/live-radio\/"},"modified":"2023-07-19T01:34:33","modified_gmt":"2023-07-19T04:34:33","slug":"live-radio","status":"publish","type":"page","link":"https:\/\/suprafm.com.br\/index.php\/live-radio\/","title":{"rendered":"Live Radio"},"content":{"rendered":"<style>.elementor-122 .elementor-element.elementor-element-b157dbe{--display:flex;--flex-direction:row;--container-widget-width:initial;--container-widget-height:100%;--container-widget-flex-grow:1;--container-widget-align-self:stretch;--flex-wrap-mobile:wrap;--gap:0px 0px;--row-gap:0px;--column-gap:0px;}.elementor-122 .elementor-element.elementor-element-8e65ea7{--display:flex;--flex-direction:column;--container-widget-width:calc( ( 1 - var( --container-widget-flex-grow ) ) * 100% );--container-widget-height:initial;--container-widget-flex-grow:0;--container-widget-align-self:initial;--flex-wrap-mobile:wrap;--justify-content:center;--align-items:center;}.elementor-122 .elementor-element.elementor-element-8e65ea7:not(.elementor-motion-effects-element-type-background), .elementor-122 .elementor-element.elementor-element-8e65ea7 > .elementor-motion-effects-container > .elementor-motion-effects-layer{background-color:#FFFFFF;}.elementor-122 .elementor-element.elementor-element-8e65ea7.e-con{--flex-grow:0;--flex-shrink:0;}.elementor-widget-heading .elementor-heading-title{font-family:var( --e-global-typography-primary-font-family ), Sans-serif;font-weight:var( --e-global-typography-primary-font-weight );color:var( --e-global-color-primary );}.elementor-122 .elementor-element.elementor-element-5020455 .elementor-heading-title{font-family:\"Manrope\", Sans-serif;font-size:59px;font-weight:600;text-transform:uppercase;font-style:normal;color:#0F0F0F;}.elementor-122 .elementor-element.elementor-element-8dde096{--display:flex;--flex-direction:column;--container-widget-width:100%;--container-widget-height:initial;--container-widget-flex-grow:0;--container-widget-align-self:initial;--flex-wrap-mobile:wrap;}.elementor-widget-image .widget-image-caption{color:var( --e-global-color-text );font-family:var( --e-global-typography-text-font-family ), Sans-serif;font-weight:var( --e-global-typography-text-font-weight );}.elementor-bc-flex-widget .elementor-122 .elementor-element.elementor-element-2de927ef.elementor-column .elementor-widget-wrap{align-items:center;}.elementor-122 .elementor-element.elementor-element-2de927ef.elementor-column.elementor-element[data-element_type=\"column\"] > .elementor-widget-wrap.elementor-element-populated{align-content:center;align-items:center;}.elementor-122 .elementor-element.elementor-element-2de927ef.elementor-column > .elementor-widget-wrap{justify-content:center;}.elementor-widget-text-editor{color:var( --e-global-color-text );font-family:var( --e-global-typography-text-font-family ), Sans-serif;font-weight:var( --e-global-typography-text-font-weight );}.elementor-widget-text-editor.elementor-drop-cap-view-stacked .elementor-drop-cap{background-color:var( --e-global-color-primary );}.elementor-widget-text-editor.elementor-drop-cap-view-framed .elementor-drop-cap, .elementor-widget-text-editor.elementor-drop-cap-view-default .elementor-drop-cap{color:var( --e-global-color-primary );border-color:var( --e-global-color-primary );}.elementor-122 .elementor-element.elementor-element-486bc07{text-align:center;color:#000000;font-family:\"Manrope\", Sans-serif;font-size:25px;font-weight:600;}:root{--page-title-display:none;}@media(min-width:768px){.elementor-122 .elementor-element.elementor-element-8e65ea7{--width:37.956%;}.elementor-122 .elementor-element.elementor-element-8dde096{--width:66.6666%;}}<\/style>\t\t<div data-elementor-type=\"wp-page\" data-elementor-id=\"122\" class=\"elementor elementor-122\" data-elementor-settings=\"{&quot;ha_cmc_init_switcher&quot;:&quot;no&quot;}\" data-elementor-post-type=\"page\">\n\t\t\t\t<div class=\"elementor-element elementor-element-b157dbe e-flex e-con-boxed wpr-particle-no wpr-jarallax-no wpr-parallax-no wpr-sticky-section-no e-con e-parent\" data-id=\"b157dbe\" data-element_type=\"container\" data-settings=\"{&quot;_ha_eqh_enable&quot;:false}\">\n\t\t\t\t\t<div class=\"e-con-inner\">\n\t\t<div class=\"elementor-element elementor-element-8e65ea7 e-con-full e-flex wpr-particle-no wpr-jarallax-no wpr-parallax-no wpr-sticky-section-no e-con e-child\" data-id=\"8e65ea7\" data-element_type=\"container\" data-settings=\"{&quot;background_background&quot;:&quot;classic&quot;,&quot;_ha_eqh_enable&quot;:false}\">\n\t\t\t\t<div class=\"elementor-element elementor-element-5020455 elementor-widget elementor-widget-heading\" data-id=\"5020455\" data-element_type=\"widget\" data-widget_type=\"heading.default\">\n\t\t\t\t<div class=\"elementor-widget-container\">\n\t\t\t\t\t<h2 class=\"elementor-heading-title elementor-size-default\">Radio Online<\/h2>\t\t\t\t<\/div>\n\t\t\t\t<\/div>\n\t\t\t\t<\/div>\n\t\t<div class=\"elementor-element elementor-element-8dde096 e-con-full e-flex wpr-particle-no wpr-jarallax-no wpr-parallax-no wpr-sticky-section-no e-con e-child\" data-id=\"8dde096\" data-element_type=\"container\" data-settings=\"{&quot;_ha_eqh_enable&quot;:false}\">\n\t\t\t\t<div class=\"elementor-element elementor-element-c30250c elementor-widget elementor-widget-image\" data-id=\"c30250c\" data-element_type=\"widget\" data-widget_type=\"image.default\">\n\t\t\t\t<div class=\"elementor-widget-container\">\n\t\t\t\t\t\t\t\t\t\t\t\t\t\t\t<img fetchpriority=\"high\" decoding=\"async\" width=\"300\" height=\"231\" src=\"https:\/\/suprafm.com.br\/wp-content\/uploads\/2023\/07\/7834-300x231.jpg\" class=\"attachment-medium size-medium wp-image-1899\" alt=\"\" srcset=\"https:\/\/suprafm.com.br\/wp-content\/uploads\/2023\/07\/7834-300x231.jpg 300w, https:\/\/suprafm.com.br\/wp-content\/uploads\/2023\/07\/7834-1024x788.jpg 1024w, https:\/\/suprafm.com.br\/wp-content\/uploads\/2023\/07\/7834-768x591.jpg 768w, https:\/\/suprafm.com.br\/wp-content\/uploads\/2023\/07\/7834-1536x1182.jpg 1536w, https:\/\/suprafm.com.br\/wp-content\/uploads\/2023\/07\/7834-2048x1575.jpg 2048w\" sizes=\"(max-width: 300px) 100vw, 300px\" \/>\t\t\t\t\t\t\t\t\t\t\t\t\t\t\t<\/div>\n\t\t\t\t<\/div>\n\t\t\t\t<\/div>\n\t\t\t\t\t<\/div>\n\t\t\t\t<\/div>\n\t\t\t\t<section class=\"elementor-section elementor-top-section elementor-element elementor-element-2e8f6328 elementor-section-boxed elementor-section-height-default elementor-section-height-default wpr-particle-no wpr-jarallax-no wpr-parallax-no wpr-sticky-section-no\" data-id=\"2e8f6328\" data-element_type=\"section\" data-settings=\"{&quot;_ha_eqh_enable&quot;:false}\">\n\t\t\t\t\t\t<div class=\"elementor-container elementor-column-gap-default\">\n\t\t\t\t\t<div class=\"elementor-column elementor-col-100 elementor-top-column elementor-element elementor-element-2de927ef\" data-id=\"2de927ef\" data-element_type=\"column\">\n\t\t\t<div class=\"elementor-widget-wrap elementor-element-populated\">\n\t\t\t\t\t\t<div class=\"elementor-element elementor-element-486bc07 elementor-widget elementor-widget-text-editor\" data-id=\"486bc07\" data-element_type=\"widget\" data-widget_type=\"text-editor.default\">\n\t\t\t\t<div class=\"elementor-widget-container\">\n\t\t\t\t\t\t\t\t\t<p>Ou\u00e7a ao vivo a programa\u00e7\u00e3o completa da\u00a0<em>r\u00e1dio<\/em> SUPRA FM \u2013 90.1 FM.<\/p>\t\t\t\t\t\t\t\t<\/div>\n\t\t\t\t<\/div>\n\t\t\t\t<div class=\"elementor-element elementor-element-77c84fb elementor-widget elementor-widget-shortcode\" data-id=\"77c84fb\" data-element_type=\"widget\" data-widget_type=\"shortcode.default\">\n\t\t\t\t<div class=\"elementor-widget-container\">\n\t\t\t\t\t\t\t<div class=\"elementor-shortcode\"><div class=\"radio_player\" data-player-type=\"shortcode\"data-data=\"eyJpZCI6MTYxLCJ0aXRsZSI6IlJhZGlvIiwic3RhdHVzIjoxLCJza2luIjoic2tpbjMiLCJwb3B1cF9pY29uIjowLCJwbGF5ZXJfc3RhdHVzIjoxLCJwbGF5bGlzdF9pY29uIjowLCJ2b2x1bWVfY29udHJvbCI6MSwid2lkdGgiOjg0MCwiYm9yZGVyX3JhZGl1cyI6NSwiYmdfdHlwZSI6ImNvbG9yIiwiYmdfaW1hZ2UiOiJodHRwOlwvXC9zdXByYWZtLmNvbS5iclwvd3AtY29udGVudFwvcGx1Z2luc1wvcmFkaW8tcGxheWVyXC9hc3NldHNcL2ltYWdlc1wvcGxheWVyLWJnLnBuZyIsInRleHRfY29sb3IiOiIjNUM2MzdFIiwicGxheWVyX3RleHQiOiJPcGVuIFBsYXllciIsInN0YXRpb25zIjpbeyJ0aXRsZSI6IlJhZGlvIiwic3RyZWFtIjoiaHR0cHM6XC9cL3NjMS5jZG4udXB4LmNvbTo4MzAwXC9zdHJlYW0iLCJ0aHVtYm5haWwiOiJodHRwOlwvXC9zdXByYWZtLmNvbS5iclwvd3AtY29udGVudFwvdXBsb2Fkc1wvMjAyMlwvMDhcL2xvZ28tc3VwcmEtZm0tMi5wbmcifV0sImNvbG9yX3R5cGUiOiJzb2xpZCIsImJnX2NvbG9yIjoiI2Y0ZjdmOSIsIndpZHRoX21vYmlsZSI6MzAwLCJib3hfc2hhZG93IjpmYWxzZSwiYm94X3NoYWRvd19oIjowLCJib3hfc2hhZG93X3YiOjAsImJveF9zaGFkb3dfYmx1ciI6MCwiYm94X3NoYWRvd19zcHJlYWQiOjAsImJveF9zaGFkb3dfY29sb3IiOiJyZ2JhKDAsIDAsIDAsIC41KSIsImJveF9zaGFkb3dfdHlwZSI6IiJ9\"><\/div><\/div>\n\t\t\t\t\t\t<\/div>\n\t\t\t\t<\/div>\n\t\t\t\t\t<\/div>\n\t\t<\/div>\n\t\t\t\t\t<\/div>\n\t\t<\/section>\n\t\t\t\t<\/div>\n\t\t","protected":false},"excerpt":{"rendered":"<p>Radio Online Ou\u00e7a ao vivo a programa\u00e7\u00e3o completa da\u00a0r\u00e1dio SUPRA FM \u2013 90.1 FM.<\/p>\n","protected":false},"author":1,"featured_media":0,"parent":0,"menu_order":0,"comment_status":"closed","ping_status":"closed","template":"","meta":{"_eb_attr":"","_themeisle_gutenberg_block_has_review":false,"footnotes":""},"class_list":["post-122","page","type-page","status-publish","hentry"],"_links":{"self":[{"href":"https:\/\/suprafm.com.br\/index.php\/wp-json\/wp\/v2\/pages\/122","targetHints":{"allow":["GET"]}}],"collection":[{"href":"https:\/\/suprafm.com.br\/index.php\/wp-json\/wp\/v2\/pages"}],"about":[{"href":"https:\/\/suprafm.com.br\/index.php\/wp-json\/wp\/v2\/types\/page"}],"author":[{"embeddable":true,"href":"https:\/\/suprafm.com.br\/index.php\/wp-json\/wp\/v2\/users\/1"}],"replies":[{"embeddable":true,"href":"https:\/\/suprafm.com.br\/index.php\/wp-json\/wp\/v2\/comments?post=122"}],"version-history":[{"count":15,"href":"https:\/\/suprafm.com.br\/index.php\/wp-json\/wp\/v2\/pages\/122\/revisions"}],"predecessor-version":[{"id":1909,"href":"https:\/\/suprafm.com.br\/index.php\/wp-json\/wp\/v2\/pages\/122\/revisions\/1909"}],"wp:attachment":[{"href":"https:\/\/suprafm.com.br\/index.php\/wp-json\/wp\/v2\/media?parent=122"}],"curies":[{"name":"wp","href":"https:\/\/api.w.org\/{rel}","templated":true}]}}